{"id":6187,"date":"2020-08-27T04:54:40","date_gmt":"2020-08-27T04:54:40","guid":{"rendered":"http:\/\/eksensaglik.com\/?page_id=6187"},"modified":"2023-06-21T15:07:10","modified_gmt":"2023-06-21T15:07:10","slug":"kisisel-verilerin-korunmasi-hakkinda-aydinlatma-metni","status":"publish","type":"page","link":"https:\/\/eksensaglik.com\/sq\/kisisel-verilerin-korunmasi-hakkinda-aydinlatma-metni\/","title":{"rendered":"Ki\u015fisel Verilerin Korunmas\u0131 Hakk\u0131nda Ayd\u0131nlatma Metni"},"content":{"rendered":"<div data-elementor-type=\"wp-page\" data-elementor-id=\"6187\" class=\"elementor elementor-6187\" data-elementor-post-type=\"page\">\n\t\t\t\t\t\t<section class=\"elementor-section elementor-top-section elementor-element elementor-element-554eca3b elementor-section-boxed elementor-section-height-default elementor-section-height-default\" data-id=\"554eca3b\" data-element_type=\"section\" data-e-type=\"section\">\n\t\t\t\t\t\t<div class=\"elementor-container elementor-column-gap-default\">\n\t\t\t\t\t<div class=\"elementor-column elementor-col-100 elementor-top-column elementor-element elementor-element-df8d0a9\" data-id=\"df8d0a9\" data-element_type=\"column\" data-e-type=\"column\">\n\t\t\t<div class=\"elementor-widget-wrap elementor-element-populated\">\n\t\t\t\t\t\t<div class=\"elementor-element elementor-element-420b249d elementor-widget elementor-widget-text-editor\" data-id=\"420b249d\" data-element_type=\"widget\" data-e-type=\"widget\" data-widget_type=\"text-editor.default\">\n\t\t\t\t<div class=\"elementor-widget-container\">\n\t\t\t\t\t\t\t\t\t<p><strong>\u00a0<\/strong><\/p><p><strong>K\u0130\u015e\u0130SEL VER\u0130LER\u0130N KORUNMASI KANUNU KAPSAMINDA AYDINLATMA METN\u0130<\/strong><\/p><p>Eksen Bak\u0131m Medikal Sa\u011fl\u0131k Sanayi ve Ticaret Limited \u015eirketi olarak, ki\u015fisel verilerinizin g\u00fcvenli\u011fine b\u00fcy\u00fck \u00f6nem vermekteyiz.<\/p><p>6698 say\u0131l\u0131 Ki\u015fisel Verilerin Korunmas\u0131 Kanunu (KVK Kanunu), 2828 say\u0131l\u0131 Sosyal Hizmetler ve \u00c7ocuk Esirgeme Kurumu Kanunu ve ilgili y\u00f6netmelikler uyar\u0131nca, t\u0131bbi bak\u0131m ve g\u00f6zetim hizmetlerini sunabilmek i\u00e7in gerekli olan ki\u015fisel bilgilerinizi kaydedecek, ar\u015fivleyecek, gerekli durumlarda yetkili 3. Ki\u015filer\/Kurumlar ile payla\u015facak ve KVK Kanununda say\u0131lan \u015fekillerde i\u015fleyece\u011fiz.<\/p><ol><li><strong> Ki\u015fisel Verilerinizin \u0130\u015flenmesi ve Veri Sorumlusu<\/strong><\/li><\/ol><p>Eksen Bak\u0131m Medikal Sa\u011fl\u0131k Sanayi ve Ticaret Limited \u015eirketi olarak veri sorumlusu s\u0131fat\u0131yla sizlere bar\u0131nma ve sa\u011fl\u0131k hizmeti sunabilmek i\u00e7in<\/p><ul><li>Kimlik bilgileriniz (ad soyad, TC Kimlik No, T\u00fcrk vatanda\u015f\u0131 olmayanlar i\u00e7in pasaport numaras\u0131 veya ge\u00e7ici TC Kimlik Numaras\u0131, do\u011fum yeri ve tarihi, medeni hal, cinsiyet bilgisi ve ibraz etti\u011finiz TC Kimlik Kart\u0131 ya da Ehliyet fotokopisi)<\/li><li>\u0130leti\u015fim bilgileriniz (adres, telefon numaras\u0131, elektronik posta adresi gibi)<\/li><li>Banka hesap\/ Iban numaran\u0131z, \u00f6deme ve faturalamaya ili\u015fkin finansal bilgileriniz<\/li><li>\u00d6zel sa\u011fl\u0131k sigortas\u0131 veya Sosyal G\u00fcvenlik Kurumu verileriniz,<\/li><li>Dosyan\u0131zda bulunmas\u0131 amac\u0131yla sundu\u011funuz d\u0131\u015f kurum laboratuvar ve g\u00f6r\u00fcnt\u00fcleme sonu\u00e7lar\u0131n\u0131z, test sonu\u00e7lar\u0131n\u0131z, muayene verileriniz, check-up bilgileriniz, re\u00e7ete bilgileriniz d\u00e2hil olmak \u00fczere sa\u011fl\u0131k verileriniz,<\/li><li>Kurum genel alanlar\u0131nda bulunan kapal\u0131 devre kamera sistemi g\u00f6r\u00fcnt\u00fc kayd\u0131n\u0131z,<\/li><li>Hizmetlerimizi de\u011ferlendirme amac\u0131yla payla\u015ft\u0131\u011f\u0131n\u0131z \u00f6neri, yorum metinleri ve anket cevaplar\u0131n\u0131za ait<\/li><\/ul><p>ki\u015fisel bilgilerinizi kaydederek her hal\u00fckarda KVK Kanununda \u00f6ng\u00f6r\u00fclen \u015fekilde ve \u015fartlara tabi olarak ar\u015fivlerimizde i\u015fleyece\u011fimizi bildiririz.<\/p><ol start=\"2\"><li><strong> Ki\u015fisel Verilerinizin \u0130\u015flenme Amac\u0131 ve Hukuki Sebebi<\/strong><\/li><\/ol><p>Ki\u015fisel verilerinizin i\u015flenme ama\u00e7lar\u0131 aras\u0131nda;<\/p><ul><li>T\u0131bbi bak\u0131m ve g\u00f6zetim hizmetlerinin verilmesi,<\/li><li>\u0130lgili mevzuatlar uyar\u0131nca \u0130l Sosyal Hizmetler M\u00fcd\u00fcrl\u00fc\u011f\u00fc ve di\u011fer kamu kurum ve kurulu\u015flar\u0131 ile talep edilen bilgilerin payla\u015f\u0131lmas\u0131,<\/li><li>Randevu ald\u0131\u011f\u0131n\u0131z takdirde randevunuza ili\u015fkin size bilgi sa\u011flanmas\u0131,<\/li><li>Merkezimizin i\u00e7 i\u015fleyi\u015fini planlama ve y\u00f6netme,<\/li><li>Verilen hizmetlerin finansman\u0131n\u0131n sa\u011flanmas\u0131, faturaland\u0131rma yap\u0131lmas\u0131,<\/li><li>Kimli\u011finizin do\u011frulanmas\u0131, anla\u015fmal\u0131 kurumlarla ili\u015fkinizin do\u011frulanmas\u0131,<\/li><li>Hizmetlerimize ili\u015fkin soru veya \u015fik\u00e2yetlerinize yan\u0131t verme,<\/li><li>\u0130la\u00e7 ve t\u0131bbi cihaz temini,<\/li><li>Web ve mobil kanallarda \u00f6zel i\u00e7eriklerin, somut ve soyut faydalar\u0131n tasarlanmas\u0131 ve iletilebilmesi<\/li><\/ul><p>yer almaktad\u0131r.<\/p><p><strong>Ki\u015fisel verilerinizin i\u015flenmesinin hukuki sebepleri; <\/strong><\/p><p>3359 say\u0131l\u0131 Sa\u011fl\u0131k Hizmetleri Temel Kanunu ile 2828 say\u0131l\u0131 Sosyal Hizmetler ve \u00c7ocuk Esirgeme Kurumu Kanunu\u2019nda, a\u00e7\u0131k\u00e7a \u00f6ng\u00f6r\u00fclen haller ile \u00d6zel Huzurevleri ile Huzurevi Ya\u015fl\u0131 Bak\u0131m Merkezleri Y\u00f6netmeli\u011fi, Sa\u011fl\u0131k Uygulama Tebli\u011fi, Hasta Haklar\u0131 Y\u00f6netmeli\u011fi gibi ilgili mevzuattan kaynaklanan hukuki y\u00fck\u00fcml\u00fcl\u00fcklerimizin yerine getirilmesi ve t\u0131bbi bak\u0131m, g\u00f6zetim ve insani ihtiya\u00e7lar\u0131n kar\u015f\u0131lanmas\u0131 hizmetlerinin verilmesi ile finansman\u0131n\u0131n planlanmas\u0131 ve y\u00f6netimidir.<\/p><p>\u00a0<\/p><ol start=\"3\"><li><strong> Ki\u015fisel Verilerinizin Aktar\u0131lmas\u0131<\/strong><\/li><\/ol><p>T\u0131bbi bak\u0131m, g\u00f6zetim ve insani ihtiya\u00e7lar\u0131n kar\u015f\u0131lanmas\u0131 hizmetlerinin verilebilmesi amac\u0131yla ve KVK Kanununda yer alan \u015fartlara tabi olarak;<\/p><ul><li>\u0130l Sosyal Hizmetler M\u00fcd\u00fcrl\u00fc\u011f\u00fc ve \u0130l\u00e7e Sosyal Hizmetler M\u00fcd\u00fcrl\u00fc\u011f\u00fc ba\u015fta olmak \u00fczere yetkili makamlar taraf\u0131ndan talep edilmesi, yetkili makamlar taraf\u0131ndan g\u00f6revlendirilen ki\u015filer taraf\u0131ndan ya da kurulan e-nab\u0131z ve benzeri sistemler kapsam\u0131nda talep edilmesi halinde ya da taraf\u0131m\u0131za y\u00fcklenen bildirim ve\/veya raporlama y\u00fck\u00fcml\u00fcl\u00fc\u011f\u00fcm\u00fcz kapsam\u0131nda ki\u015fisel verilerinizin ilgili makamlar ve ki\u015filer ile,<\/li><li>\u00c7al\u0131\u015fmakta oldu\u011fumuz avukatlar, dan\u0131\u015fmanlar, denet\u00e7iler de d\u00e2hil olmak \u00fczere dan\u0131\u015fmanl\u0131k ald\u0131\u011f\u0131m\u0131z, yetki verdi\u011fimiz kanuni temsilciler ve \u00fc\u00e7\u00fcnc\u00fc ki\u015filer ile,<\/li><li>Faaliyetlerimizi y\u00fcr\u00fctmek \u00fczere s\u00f6zle\u015fmesel olarak hizmet ald\u0131\u011f\u0131m\u0131z, i\u015fbirli\u011fi yapt\u0131\u011f\u0131m\u0131z, yurt i\u00e7i kurulu\u015flar ve di\u011fer \u00fc\u00e7\u00fcnc\u00fc ki\u015filer ve kanuni temsilcileri ile,<\/li><li>SGK tabiiyetindeki hastalar i\u00e7in Sosyal G\u00fcvenlik Kurumu ile \u00f6zel sigortan\u0131z\u0131 kullanman\u0131z halinde \u00fcyesi oldu\u011funuz sigorta \u015firketiniz ile faturaland\u0131rman\u0131z\u0131n \u00e7al\u0131\u015ft\u0131\u011f\u0131n\u0131z kuruma yap\u0131lacak olmas\u0131 durumunda kurumunuz ile,<\/li><li>T\u0131bbi bak\u0131m ve g\u00f6zetim i\u00e7in i\u015f birli\u011fi i\u00e7erisinde oldu\u011fumuz yurt i\u00e7inde bulunan laboratuvarlar, ambulans, t\u0131bbi cihaz ve sa\u011fl\u0131k hizmeti sunan kurumlar ile,<\/li><li>Sevk edilmeniz gerekti\u011finde ilgili sa\u011fl\u0131k kurulu\u015fu ile,<\/li><li>Yetki vermi\u015f oldu\u011funuz kanuni temsilciler ile,<\/li><\/ul><p>payla\u015f\u0131labilecektir.<\/p><ol start=\"4\"><li><strong> Ki\u015fisel Veri Toplaman\u0131n Y\u00f6ntemi<\/strong><\/li><\/ol><p>Ki\u015fisel verileriniz, verilen hizmetin niteli\u011fine ba\u011fl\u0131 olarak santral, internet, mobil uygulamalar, fiziksel mek\u00e2nlar ve benzeri kanallardan s\u00f6zl\u00fc, g\u00f6rsel, yaz\u0131l\u0131 ya da elektronik ortamda, yukar\u0131da yer verilen ama\u00e7lar kapsam\u0131nda toplanmaktad\u0131r.<\/p><ol start=\"5\"><li><strong> Ki\u015fisel Verilerinize \u0130li\u015fkin Olarak Al\u0131nan G\u00fcvenlik Tedbirleri<\/strong><\/li><\/ol><p>Veri sorumlusu s\u0131fat\u0131 ile ki\u015fisel verilerinizin elde edilmesi, kaydedilmesi, depolanmas\u0131, muhafaza edilmesi, de\u011fi\u015ftirilmesi, yeniden d\u00fczenlenmesi, a\u00e7\u0131klanmas\u0131, aktar\u0131lmas\u0131, devral\u0131nmas\u0131, elde edilebilir h\u00e2le getirilmesi, s\u0131n\u0131fland\u0131r\u0131lmas\u0131 ya da kullan\u0131lmas\u0131n\u0131n engellenmesi gibi veri i\u015fleme faaliyetlerini ger\u00e7ekle\u015ftiren Kurulu\u015fumuz;<\/p><p>a)Ki\u015fisel verilerinizin hukuka ayk\u0131r\u0131 olarak i\u015flenmesini \u00f6nlemek,<\/p><p>b)Ki\u015fisel verilere hukuka ayk\u0131r\u0131 olarak eri\u015filmesini \u00f6nlemek,<\/p><p>c)Ki\u015fisel verilerin muhafazas\u0131n\u0131 sa\u011flamak<\/p><p>amac\u0131yla uygun g\u00fcvenlik d\u00fczeyini temin etmeye y\u00f6nelik her t\u00fcrl\u00fc teknik ve idari tedbirleri almaktan sorumludur ve bu tedbirleri azami \u00f6l\u00e7\u00fcde almaktad\u0131r. Buna ek olarak, \u00f6zel nitelikli ki\u015fisel verilerin i\u015flenmesinde Ki\u015fisel Verileri Koruma Kurulu taraf\u0131ndan belirlenen ve a\u015fa\u011f\u0131dakilerle s\u0131n\u0131rl\u0131 olmayan ek g\u00fcvenlik tedbirleri de al\u0131nmaktad\u0131r.<\/p><p>\u00c7al\u0131\u015fanlar\u0131m\u0131z bilgi g\u00fcvenli\u011fi, hasta mahremiyeti, ki\u015fisel verilerin korunmas\u0131 konular\u0131nda e\u011fitilmektedir. Ki\u015fisel veri g\u00fcvenli\u011fi konusunda kurumsal politika ve prosed\u00fcrler yaz\u0131l\u0131d\u0131r. Ki\u015fisel veriler kullanma amac\u0131 ortadan kalkt\u0131\u011f\u0131nda imha edilmektedir. Ki\u015fisel veri i\u00e7eren sistemlerimiz rutin olarak denetlenmektedir. Hizmet al\u0131nan veri i\u015fleyenler ile s\u00f6zle\u015fmeler yap\u0131lmaktad\u0131r. G\u00fcncel yaz\u0131l\u0131mlar kullan\u0131lmaktad\u0131r. Siber sald\u0131r\u0131lara kar\u015f\u0131 d\u00fczenlenmi\u015f g\u00fcvenlik a\u011f\u0131m\u0131z bulunmaktad\u0131r. Ki\u015fisel veri i\u00e7eren sistemlere eri\u015fim yetkisi s\u0131n\u0131rl\u0131d\u0131r. Antivir\u00fcs ve anti spam programlar kullan\u0131lmaktad\u0131r. Sistemlerin k\u00f6t\u00fcye kullan\u0131lmas\u0131 halinde delillerin toplanarak Ki\u015fisel Verileri Koruma Kurumu&#8217;na bildirilir ve Savc\u0131l\u0131\u011fa su\u00e7 duyurusu yap\u0131l\u0131r. Ki\u015fisel verilerin bulundu\u011fu fiziksel ortamlar\u0131m\u0131zda yang\u0131n, sel vb. tabi afetlere kar\u015f\u0131 koruma tedbirleri al\u0131nm\u0131\u015ft\u0131r ve bu ortamlar kilitli tutularak giri\u015f \/ \u00e7\u0131k\u0131\u015flar kontrol alt\u0131ndad\u0131r.<\/p><ol start=\"6\"><li><strong> Verileri \u0130\u015flenen \u0130lgili Ki\u015filer Olarak Haklar\u0131n\u0131z<\/strong><\/li><\/ol><p>\u00a0<\/p><p>KVK Kanunu ve ilgili mevzuat uyar\u0131nca;<\/p><ul><li>Ki\u015fisel veri i\u015flenip i\u015flenmedi\u011fini \u00f6\u011frenme,<\/li><li>Ki\u015fisel veriler i\u015flenmi\u015fse buna ili\u015fkin bilgi talep etme,<\/li><li>Ki\u015fisel sa\u011fl\u0131k verilerine eri\u015fim ve bu verileri isteme,<\/li><li>Ki\u015fisel verilerin i\u015flenme amac\u0131n\u0131 ve bunlar\u0131n amac\u0131na uygun kullan\u0131l\u0131p kullan\u0131lmad\u0131\u011f\u0131n\u0131 \u00f6\u011frenme,<\/li><li>Yurt i\u00e7inde veya yurt d\u0131\u015f\u0131nda ki\u015fisel verilerin aktar\u0131ld\u0131\u011f\u0131 \u00fc\u00e7\u00fcnc\u00fc ki\u015fileri bilme,<\/li><li>Ki\u015fisel verilerin eksik veya yanl\u0131\u015f i\u015flenmi\u015f olmas\u0131 h\u00e2linde bunlar\u0131n d\u00fczeltilmesini isteme,<\/li><li>Ki\u015fisel verilerin silinmesini veya yok edilmesini isteme,<\/li><li>Ki\u015fisel verilerin eksik veya yanl\u0131\u015f i\u015flenmi\u015f olmas\u0131 h\u00e2linde bunlar\u0131n d\u00fczeltilmesine ve\/veya ki\u015fisel verilerin silinmesini veya yok edilmesine ili\u015fkin i\u015flemlerin ki\u015fisel verilerin aktar\u0131ld\u0131\u011f\u0131 \u00fc\u00e7\u00fcnc\u00fc ki\u015filere bildirilmesini isteme,<\/li><li>\u0130\u015flenen verilerin m\u00fcnhas\u0131ran otomatik sistemler vas\u0131tas\u0131yla analiz edilmesi suretiyle ki\u015finin kendisi aleyhine bir sonucun ortaya \u00e7\u0131kmas\u0131na itiraz etme hakk\u0131na sahipsiniz.<\/li><\/ul><p>Bu belirtilmi\u015f haklar\u0131n\u0131zdan birini ya da birka\u00e7\u0131n\u0131 kullanman\u0131z halinde ilgili bilgi taraf\u0131n\u0131za, a\u00e7\u0131k ve anla\u015f\u0131labilir bir \u015fekilde yaz\u0131l\u0131 olarak ya da elektronik ortamda, taraf\u0131n\u0131zca sa\u011flanan <a href=\"https:\/\/eksensaglik.com\/sq\/iletisim\/\">ileti\u015fim<\/a> bilgileri yoluyla bildirilir.<\/p><p>KVK Kanunu kapsam\u0131ndaki taleplerinizi, mezk\u00fbr Kanuna uyum \u00e7er\u00e7evesinde haz\u0131rlam\u0131\u015f oldu\u011fumuz <a href=\"http:\/\/eksensaglik.com\/wp-content\/uploads\/2020\/08\/Eksen-Sag\u0306lik-I\u0307lgili-Kis\u0327i-Bas\u0327vuru-Formu-Web-Sitesi_Tapajli.pdf\">Ba\u015fvuru Formu\u2019nu<\/a> doldurarak kurulu\u015fumuza iletebilirsiniz.<\/p><p>\u00a0<\/p>\t\t\t\t\t\t\t\t<\/div>\n\t\t\t\t<\/div>\n\t\t\t\t\t<\/div>\n\t\t<\/div>\n\t\t\t\t\t<\/div>\n\t\t<\/section>\n\t\t\t\t<\/div>","protected":false},"excerpt":{"rendered":"<p>\u00a0 K\u0130\u015e\u0130SEL VER\u0130LER\u0130N KORUNMASI KANUNU KAPSAMINDA AYDINLATMA METN\u0130 Eksen Bak\u0131m Medikal Sa\u011fl\u0131k Sanayi ve Ticaret Limited \u015eirketi olarak, ki\u015fisel verilerinizin g\u00fcvenli\u011fine b\u00fcy\u00fck \u00f6nem vermekteyiz. 6698 say\u0131l\u0131 Ki\u015fisel Verilerin Korunmas\u0131 Kanunu (KVK Kanunu), 2828 say\u0131l\u0131 Sosyal Hizmetler ve \u00c7ocuk Esirgeme Kurumu Kanunu ve ilgili y\u00f6netmelikler uyar\u0131nca, t\u0131bbi bak\u0131m ve g\u00f6zetim hizmetlerini sunabilmek i\u00e7in gerekli olan ki\u015fisel &hellip; <\/p>\n<p class=\"link-more\"><a href=\"https:\/\/eksensaglik.com\/sq\/kisisel-verilerin-korunmasi-hakkinda-aydinlatma-metni\/\" class=\"more-link\">Vazhdoni leximin e<span class=\"screen-reader-text\"> Ki\u015fisel Verilerin Korunmas\u0131 Hakk\u0131nda Ayd\u0131nlatma Metni<\/span><\/a><\/p>","protected":false},"author":1,"featured_media":0,"parent":0,"menu_order":0,"comment_status":"closed","ping_status":"closed","template":"elementor_header_footer","meta":{"footnotes":""},"class_list":["post-6187","page","type-page","status-publish","hentry"],"jetpack_sharing_enabled":true,"_links":{"self":[{"href":"https:\/\/eksensaglik.com\/sq\/wp-json\/wp\/v2\/pages\/6187","targetHints":{"allow":["GET"]}}],"collection":[{"href":"https:\/\/eksensaglik.com\/sq\/wp-json\/wp\/v2\/pages"}],"about":[{"href":"https:\/\/eksensaglik.com\/sq\/wp-json\/wp\/v2\/types\/page"}],"author":[{"embeddable":true,"href":"https:\/\/eksensaglik.com\/sq\/wp-json\/wp\/v2\/users\/1"}],"replies":[{"embeddable":true,"href":"https:\/\/eksensaglik.com\/sq\/wp-json\/wp\/v2\/comments?post=6187"}],"version-history":[{"count":4,"href":"https:\/\/eksensaglik.com\/sq\/wp-json\/wp\/v2\/pages\/6187\/revisions"}],"predecessor-version":[{"id":9297,"href":"https:\/\/eksensaglik.com\/sq\/wp-json\/wp\/v2\/pages\/6187\/revisions\/9297"}],"wp:attachment":[{"href":"https:\/\/eksensaglik.com\/sq\/wp-json\/wp\/v2\/media?parent=6187"}],"curies":[{"name":"wp","href":"https:\/\/api.w.org\/{rel}","templated":true}]}}