{"id":4610,"date":"2019-07-20T09:16:14","date_gmt":"2019-07-20T09:16:14","guid":{"rendered":"http:\/\/eksensaglik.com\/new\/?page_id=4610"},"modified":"2022-04-15T13:40:13","modified_gmt":"2022-04-15T13:40:13","slug":"yatili-fizik-tedavi-merkezi-istanbul","status":"publish","type":"page","link":"https:\/\/eksensaglik.com\/fr\/yatili-fizik-tedavi-merkezi-istanbul\/","title":{"rendered":"Eksen Sa\u011fl\u0131k Yat\u0131l\u0131 Fizik Tedavi &#038; Rehabilitasyon Fel\u00e7 Tedavi Merkezi \u0130stanbul &#8211; 0216 5180518"},"content":{"rendered":"<p>Sant\u00e9 Axis <a href=\"https:\/\/eksensaglik.com\/fr\/yatarak-fizik-tedavi-ve-rehabilitasyon-hizmeti\/\">Physioth\u00e9rapie en milieu hospitalier<\/a> &amp; Rehabilitasyon Merkezi \u0130stanbul , <a href=\"https:\/\/eksensaglik.com\/fr\/yatili-hasta-takibi-felc-tedavisi\/\">Traitement de la paralysie<\/a>, N\u00f6rolojik &amp; Ortopedik &amp; Yatalak Hasta Rehabilitasyonu, Fel\u00e7 <a href=\"https:\/\/eksensaglik.com\/fr\/hizmetlerimiz\/felc-inme-hemipleji-tedavisi\/\">coup<\/a> Tedavi Merkezleri, <a href=\"https:\/\/eksensaglik.com\/fr\/yatarak-fizik-tedavi-ve-rehabilitasyon-hizmeti\/\">internat th\u00e9rapie physique<\/a> merkezleri<br \/>\n<a href=\"https:\/\/eksensaglik.com\/fr\/yatarak-fizik-tedavi-ve-rehabilitasyon-hizmeti\/\">internat th\u00e9rapie physique<\/a><\/p>\n<h2>kin\u00e9sith\u00e9rapie hospitali\u00e8re et centre de r\u00e9adaptation pour AVC \/ AVC<\/h2>\n<p><a href=\"https:\/\/eksensaglik.com\/fr\/hizmetlerimiz\/felc-inme-hemipleji-tedavisi\/\">H\u00e9morragie c\u00e9l\u00e8bre<\/a> ge\u00e7irmi\u015f bir hasta i\u00e7in en \u00f6nemli ve olmazsa olmazlar\u0131ndan birisi, b\u00fcnyesinde fizyoterapist. doktor ve 7\/24 t\u0131bbi bak\u0131m i\u00e7eren <a href=\"https:\/\/eksensaglik.com\/fr\/yatarak-fizik-tedavi-ve-rehabilitasyon-hizmeti\/\">internat th\u00e9rapie physique<\/a> merkezidir.<\/p>\n<p>&nbsp;<\/p>\n<p><a href=\"https:\/\/eksensaglik.com\/fr\/yatarak-fizik-tedavi-ve-rehabilitasyon-hizmeti\/\">internat th\u00e9rapie physique<\/a> merkezleri istanbul<br \/>\ninternat centres de physioth\u00e9rapie istanbul c\u00f4t\u00e9 europ\u00e9en<br \/>\n<a href=\"https:\/\/eksensaglik.com\/fr\/yatarak-fizik-tedavi-ve-rehabilitasyon-hizmeti\/\">internat th\u00e9rapie physique<\/a> merkezleri istanbul anadolu yakas\u0131<br \/>\n<a href=\"https:\/\/eksensaglik.com\/fr\/yatarak-fizik-tedavi-ve-rehabilitasyon-hizmeti\/\">internat th\u00e9rapie physique<\/a> merkezleri istanbul fiyatlar\u0131<br \/>\ncentres de traitement des AVC<br \/>\n<a href=\"https:\/\/eksensaglik.com\/fr\/hizmetlerimiz\/felc-inme-hemipleji-tedavisi\/\">coup<\/a> tedavi merkezleri<br \/>\ncentres de traitement des patients paralys\u00e9s<br \/>\n<a href=\"https:\/\/eksensaglik.com\/fr\/hizmetlerimiz\/felc-inme-hemipleji-tedavisi\/\">coup<\/a> fizik tedavi merkezleri<\/p>","protected":false},"excerpt":{"rendered":"<p>Eksen Sa\u011fl\u0131k Yat\u0131l\u0131 Fizik Tedavi &amp; Rehabilitasyon Merkezi \u0130stanbul , Fel\u00e7 Tedavisi, N\u00f6rolojik &amp; Ortopedik &amp; Yatalak Hasta Rehabilitasyonu, Fel\u00e7 inme Tedavi Merkezleri, yat\u0131l\u0131 fizik tedavi merkezleri yat\u0131l\u0131 fizik tedavi yat\u0131l\u0131 fizik tedavi ve Fel\u00e7 \/ \u0130nme rehabilitasyon merkezi Beyin kanamas\u0131 ge\u00e7irmi\u015f bir hasta i\u00e7in en \u00f6nemli ve olmazsa olmazlar\u0131ndan birisi, b\u00fcnyesinde fizyoterapist. doktor ve &hellip; <\/p>\n<p class=\"link-more\"><a href=\"https:\/\/eksensaglik.com\/fr\/yatili-fizik-tedavi-merkezi-istanbul\/\" class=\"more-link\">Continuer la lecture<span class=\"screen-reader-text\"> de &laquo;&nbsp;Eksen Sa\u011fl\u0131k Yat\u0131l\u0131 Fizik Tedavi &#038; Rehabilitasyon Fel\u00e7 Tedavi Merkezi \u0130stanbul &#8211; 0216 5180518&nbsp;&raquo;<\/span><\/a><\/p>","protected":false},"author":1,"featured_media":4668,"parent":0,"menu_order":0,"comment_status":"closed","ping_status":"closed","template":"","meta":{"jetpack_post_was_ever_published":false,"footnotes":""},"class_list":["post-4610","page","type-page","status-publish","has-post-thumbnail","hentry"],"jetpack_sharing_enabled":true,"_links":{"self":[{"href":"https:\/\/eksensaglik.com\/fr\/wp-json\/wp\/v2\/pages\/4610","targetHints":{"allow":["GET"]}}],"collection":[{"href":"https:\/\/eksensaglik.com\/fr\/wp-json\/wp\/v2\/pages"}],"about":[{"href":"https:\/\/eksensaglik.com\/fr\/wp-json\/wp\/v2\/types\/page"}],"author":[{"embeddable":true,"href":"https:\/\/eksensaglik.com\/fr\/wp-json\/wp\/v2\/users\/1"}],"replies":[{"embeddable":true,"href":"https:\/\/eksensaglik.com\/fr\/wp-json\/wp\/v2\/comments?post=4610"}],"version-history":[{"count":0,"href":"https:\/\/eksensaglik.com\/fr\/wp-json\/wp\/v2\/pages\/4610\/revisions"}],"wp:featuredmedia":[{"embeddable":true,"href":"https:\/\/eksensaglik.com\/fr\/wp-json\/wp\/v2\/media\/4668"}],"wp:attachment":[{"href":"https:\/\/eksensaglik.com\/fr\/wp-json\/wp\/v2\/media?parent=4610"}],"curies":[{"name":"wp","href":"https:\/\/api.w.org\/{rel}","templated":true}]}}